{"id":2750,"date":"2025-10-14T12:32:22","date_gmt":"2025-10-14T12:32:22","guid":{"rendered":"https:\/\/operations293.com\/s4c\/?page_id=2750"},"modified":"2025-11-07T09:27:01","modified_gmt":"2025-11-07T09:27:01","slug":"land-and-sea-combos","status":"publish","type":"page","link":"https:\/\/operations293.com\/s4c\/land-and-sea-combos\/","title":{"rendered":"Land &#038; Sea Combos"},"content":{"rendered":"<h1>Land &#038; Sea Combos<\/h1>\n<ul>\n<li>\n<p>        <img decoding=\"async\" src=\"\/s4c\/wp-content\/uploads\/ambassador-01-1.webp\" alt=\"M\/S Ambassador\"><\/p>\n<h2>Zagreb to Dubrovnik<br \/>SUPERIOR DELUXE<\/h2>\n<p>M\/S Ambassador &#038; M\/S Mama Marija II<\/p>\n<div>Zagreb \u2013 Varazdin \u2013 Opatija \u2013 Istria region \u2013 Rastoke \u2013 Plitvice lakes &#8211; Zadar \u2013 Split \u2013 Trogir \u2013 Bol \u2013 Vis \u2013 Bi\u0161evo blue cave \u2013 Hvar \u2013 Kor\u010dula \u2013 National Park Mljet \u2013 Slano \u2013 Dubrovnik<\/p>\n<\/div>\n<p><a href=\"\/s4c\/zagreb-dubrovnik-ms-ambassador-ms-mama-marija-2\/\">Read more<\/a><\/p>\n<\/li>\n<li>\n<p>        <img decoding=\"async\" src=\"\/s4c\/wp-content\/uploads\/splendid-05.png\" alt=\"M\/S Splendid\"><\/p>\n<h2>Zagreb to Dubrovnik<br \/>PREMIUM<\/h2>\n<p>M\/S Splendid &#038; M\/S Captain Bota<\/p>\n<div>Zagreb \u2013 Varazdin \u2013 Opatija \u2013 Istria region \u2013 Rastoke \u2013 Plitvice lakes &#8211; Zadar \u2013 Split \u2013 Omi\u0161 \u2013 Pu\u010di\u0161\u0107a \u2013 Bol \u2013 Hvar \u2013 Bi\u0161evo blue cave \u2013 Vis \u2013 Kor\u010dula \u2013 National Park Mljet \u2013 Slano &#8211; Dubrovnik<\/p>\n<\/div>\n<p><a href=\"\/s4c\/zagreb-dubrovnik-ms-splendid-ms-captain-bota\/\">Read more<\/a><\/p>\n<\/li>\n<li>\n<p>        <img decoding=\"async\" src=\"\/s4c\/wp-content\/uploads\/mama-marija-2-02.png\" alt=\"M\/S Mama Marija 2\"><\/p>\n<h2>Dubrovnik to Zagreb<br \/>SUPERIOR DELUXE<\/h2>\n<p>M\/S Ambassador &#038; Mama Marija II<\/p>\n<div>Dubrovnik \u2013 Slano \u2013 National Park Mljet \u2013 Kor\u010dula \u2013 Vis \u2013 Bi\u0161evo Blue Cave \u2013 Hvar \u2013 Bol \u2013 Trogir \u2013 Split \u2013Sibenik \u2013 Zadar \u2013 Plitvice lakes \u2013 Opatija \u2013 Istria region \u2013 Varazdin \u2013 Kumrovec &#8211; Trakoscan castle &#8211; Zagreb<\/div>\n<p><a href=\"\/s4c\/dubrovnik-zagreb-ms-ambassador-mama-marija-2\/\">Read more<\/a><\/p>\n<\/li>\n<\/ul>\n<p><!--more--><br \/>\n<!-- {\"type\":\"layout\",\"children\":[{\"type\":\"section\",\"props\":{\"image_position\":\"center-center\",\"style\":\"default\",\"title_breakpoint\":\"xl\",\"title_position\":\"top-left\",\"title_rotation\":\"left\",\"vertical_align\":\"middle\",\"width\":\"xlarge\"},\"children\":[{\"type\":\"row\",\"props\":{\"parallax\":false},\"children\":[{\"type\":\"column\",\"props\":{\"image_position\":\"center-center\",\"position_sticky_breakpoint\":\"m\"},\"children\":[{\"type\":\"headline\",\"props\":{\"content\":\"Land & Sea Combos\",\"margin\":\"large\",\"title_element\":\"h1\",\"title_style\":\"heading-large\"}},{\"type\":\"grid\",\"props\":{\"content_column_breakpoint\":\"m\",\"filter\":false,\"filter_align\":\"left\",\"filter_all\":true,\"filter_grid_breakpoint\":\"m\",\"filter_grid_width\":\"auto\",\"filter_position\":\"top\",\"filter_style\":\"subnav-pill\",\"grid_column_align\":false,\"grid_default\":\"1\",\"grid_divider\":false,\"grid_medium\":\"3\",\"grid_parallax_justify\":false,\"grid_row_align\":false,\"icon_width\":80,\"image_align\":\"top\",\"image_grid_breakpoint\":\"m\",\"image_grid_width\":\"1-2\",\"image_loading\":false,\"image_svg_color\":\"emphasis\",\"item_animation\":true,\"lightbox_bg_close\":true,\"link_aria_label\":\"Read more\",\"link_fullwidth\":true,\"link_size\":\"large\",\"link_style\":\"secondary\",\"link_text\":\"Read more\",\"margin\":\"default\",\"meta_align\":\"below-title\",\"meta_color\":\"danger\",\"meta_element\":\"div\",\"meta_style\":\"text-meta\",\"panel_image_no_padding\":true,\"panel_link\":true,\"panel_padding\":\"default\",\"panel_style\":\"card-default\",\"show_content\":true,\"show_hover_image\":false,\"show_hover_video\":false,\"show_image\":true,\"show_link\":true,\"show_meta\":true,\"show_title\":true,\"show_video\":false,\"title_align\":\"top\",\"title_decoration\":\"divider\",\"title_element\":\"h2\",\"title_grid_breakpoint\":\"m\",\"title_grid_width\":\"1-2\",\"title_hover_style\":\"reset\"},\"children\":[{\"type\":\"grid_item\",\"props\":{\"content\":\"Zagreb \\u2013 Varazdin \\u2013 Opatija \\u2013 Istria region \\u2013 Rastoke \\u2013 Plitvice lakes - Zadar \\u2013 Split \\u2013 Trogir \\u2013 Bol \\u2013 Vis \\u2013 Bi\\u0161evo blue cave \\u2013 Hvar \\u2013 Kor\\u010dula \\u2013 National Park Mljet \\u2013 Slano \\u2013 Dubrovnik\n\n\",\"image\":\"wp-content\\\/uploads\\\/ambassador-01-1.webp\",\"image_alt\":\"M\\\/S Ambassador\",\"link\":\"zagreb-dubrovnik-ms-ambassador-ms-mama-marija-2\\\/\",\"meta\":\"M\\\/S Ambassador & M\\\/S Mama Marija II\",\"tags\":\"asas\",\"title\":\"Zagreb to Dubrovnik<br \/>SUPERIOR DELUXE\"}},{\"type\":\"grid_item\",\"props\":{\"content\":\"Zagreb \\u2013 Varazdin \\u2013 Opatija \\u2013 Istria region \\u2013 Rastoke \\u2013 Plitvice lakes - Zadar \\u2013 Split \\u2013 Omi\\u0161 \\u2013 Pu\\u010di\\u0161\\u0107a \\u2013 Bol \\u2013 Hvar \\u2013 Bi\\u0161evo blue cave \\u2013 Vis \\u2013 Kor\\u010dula \\u2013 National Park Mljet \\u2013 Slano - Dubrovnik\n\n\",\"image\":\"wp-content\\\/uploads\\\/splendid-05.png\",\"image_alt\":\"M\\\/S Splendid\",\"link\":\"zagreb-dubrovnik-ms-splendid-ms-captain-bota\\\/\",\"meta\":\"M\\\/S Splendid & M\\\/S Captain Bota\",\"title\":\"Zagreb to Dubrovnik<br \/>PREMIUM\"}},{\"type\":\"grid_item\",\"props\":{\"content\":\"Dubrovnik \\u2013 Slano \\u2013 National Park Mljet \\u2013 Kor\\u010dula \\u2013 Vis \\u2013 Bi\\u0161evo Blue Cave \\u2013 Hvar \\u2013 Bol \\u2013 Trogir \\u2013 Split \\u2013Sibenik \\u2013 Zadar \\u2013 Plitvice lakes \\u2013 Opatija \\u2013 Istria region \\u2013 Varazdin \\u2013 Kumrovec - Trakoscan castle - Zagreb\",\"image\":\"wp-content\\\/uploads\\\/mama-marija-2-02.png\",\"image_alt\":\"M\\\/S Mama Marija 2\",\"link\":\"dubrovnik-zagreb-ms-ambassador-mama-marija-2\\\/\",\"meta\":\"M\\\/S Ambassador & Mama Marija II\",\"title\":\"Dubrovnik to Zagreb<br \/>SUPERIOR DELUXE\"}}]}]}]}]}],\"version\":\"4.5.32\"} --><\/p>\n","protected":false},"excerpt":{"rendered":"<p>Land &#038; Sea Combos Zagreb to DubrovnikSUPERIOR DELUXE M\/S Ambassador &#038; M\/S Mama Marija II Zagreb \u2013 Varazdin \u2013 Opatija \u2013 Istria region \u2013 Rastoke \u2013 Plitvice lakes &#8211; Zadar \u2013 Split \u2013 Trogir \u2013 Bol \u2013 Vis \u2013 Bi\u0161evo blue cave \u2013 Hvar \u2013 Kor\u010dula \u2013 National Park Mljet \u2013 Slano \u2013 Dubrovnik Read [&hellip;]<\/p>\n","protected":false},"author":1,"featured_media":0,"parent":0,"menu_order":0,"comment_status":"closed","ping_status":"closed","template":"","meta":{"_acf_changed":false,"footnotes":""},"class_list":["post-2750","page","type-page","status-publish","hentry"],"acf":[],"_links":{"self":[{"href":"https:\/\/operations293.com\/s4c\/wp-json\/wp\/v2\/pages\/2750","targetHints":{"allow":["GET"]}}],"collection":[{"href":"https:\/\/operations293.com\/s4c\/wp-json\/wp\/v2\/pages"}],"about":[{"href":"https:\/\/operations293.com\/s4c\/wp-json\/wp\/v2\/types\/page"}],"author":[{"embeddable":true,"href":"https:\/\/operations293.com\/s4c\/wp-json\/wp\/v2\/users\/1"}],"replies":[{"embeddable":true,"href":"https:\/\/operations293.com\/s4c\/wp-json\/wp\/v2\/comments?post=2750"}],"version-history":[{"count":20,"href":"https:\/\/operations293.com\/s4c\/wp-json\/wp\/v2\/pages\/2750\/revisions"}],"predecessor-version":[{"id":3556,"href":"https:\/\/operations293.com\/s4c\/wp-json\/wp\/v2\/pages\/2750\/revisions\/3556"}],"wp:attachment":[{"href":"https:\/\/operations293.com\/s4c\/wp-json\/wp\/v2\/media?parent=2750"}],"curies":[{"name":"wp","href":"https:\/\/api.w.org\/{rel}","templated":true}]}}