{"id":28,"date":"2023-06-29T11:42:19","date_gmt":"2023-06-29T11:42:19","guid":{"rendered":"https:\/\/operations293.com\/autoglas\/?page_id=28"},"modified":"2025-11-30T22:20:47","modified_gmt":"2025-11-30T22:20:47","slug":"home","status":"publish","type":"page","link":"https:\/\/operations293.com\/autoglas\/","title":{"rendered":"Home"},"content":{"rendered":"<h1>Klare Sicht. <br \/>Sicher unterwegs.<br \/>\n<\/h1>\n<h1>Klare Sicht. <br \/>Sicher unterwegs.<br \/>\n<\/h1>\n<div>Professioneller Scheibenwischerwechsel und Nanoversiegelung \u2013 schnell, sauber und zuverl\u00e4ssig in der Zentralschweiz.<\/div>\n<ul>\n<li>\n<p>\n        <a href=\"mailto:info@example.com\">Termin buchen<\/a>\n    <\/p>\n<\/li>\n<li>\n<p>\n        <a href=\"mailto:info@example.com\">Preise ansehen<\/a>\n    <\/p>\n<\/li>\n<\/ul>\n<div>Wir bieten spezialisierte Dienstleistungen rund um die Pflege und Sicherheit deiner Autoscheiben. Unser Fokus liegt auf zwei Bereichen: dem fachgerechten Ersatz von Scheibenwischern und hochwertigen Nanoversiegelungen f\u00fcr eine deutlich bessere Sicht bei Regen.<\/p>\n<p>Als lokales Unternehmen aus der Zentralschweiz legen wir grossen Wert auf pers\u00f6nliche Beratung, faire Preise und pr\u00e4zise Arbeit.<\/p><\/div>\n<div>Wir bieten spezialisierte Dienstleistungen rund um die Pflege und Sicherheit deiner Autoscheiben. Unser Fokus liegt auf zwei Bereichen: dem fachgerechten Ersatz von Scheibenwischern und hochwertigen Nanoversiegelungen f\u00fcr eine deutlich bessere Sicht bei Regen.<\/p>\n<p>Als lokales Unternehmen aus der Zentralschweiz legen wir grossen Wert auf pers\u00f6nliche Beratung, faire Preise und pr\u00e4zise Arbeit.<\/p><\/div>\n<h1>Dienstleistungen:<\/h1>\n<h1>Dienstleistungen:<\/h1>\n<h3>Scheibenwischerwechsel<\/h3>\n<h3>Scheibenwischer-wechsel<\/h3>\n<div>\n<p>Wir montieren hochwertige Scheibenwischer Marke BOSCH, die perfekt zu deinem Fahrzeug passen \u2013 schnell, sauber und professionell.<\/p>\n<p><strong>Unsere Leistungen:<\/strong><\/p>\n<ul>\n<li>Auswahl der passenden Wischer f\u00fcr dein Modell<\/li>\n<li>Hochwertige Markenprodukte<\/li>\n<li>Saubere, professionelle Montage<\/li>\n<li>Kontrolle der Wischleistung nach dem Einbau<\/li>\n<\/ul>\n<p><strong>Preise:<\/strong><\/p>\n<\/div>\n<ul>\n<li>\n<h3>Vorne komplett (L+R)<\/h3>\n<p>CHF 80.-<\/p>\n<\/li>\n<li>\n<h3>Hinten<\/h3>\n<p>CHF 50.-<\/p>\n<\/li>\n<\/ul>\n<ul>\n<li>\n<h3>Vorne komplett (L+R)<\/h3>\n<p>CHF 80.-<\/p>\n<\/li>\n<li>\n<h3>Hinten<\/h3>\n<p>CHF 50.-<\/p>\n<\/li>\n<\/ul>\n<ul>\n<li>\n<p>\n        <a href=\"#\">Mehr erfahren<\/a>\n    <\/p>\n<\/li>\n<li>\n<p>\n        <a href=\"#\">Bestellen<\/a>\n    <\/p>\n<\/li>\n<\/ul>\n<h3>Nanoversiegelung<\/h3>\n<div>\n<p>F\u00fcr klare Sicht bei Regen: Unsere Nanoversiegelung sorgt daf\u00fcr, dass Wasser abperlt und die Scheibe l\u00e4nger sauber bleibt.<\/p>\n<p><strong>Vorteile der Nanoversiegelung:<\/strong><\/p>\n<ul>\n<li>Bessere Sicht bei Regen und Dunkelheit<\/li>\n<li>Wasser perlt ab \u2013 weniger Wischvorg\u00e4nge<\/li>\n<li>Weniger Schmutz-, Insekten- &amp; Salzhaftung<\/li>\n<li>Haltbarkeit je nach Nutzung: ca. 6\u201312 Monate<\/li>\n<\/ul>\n<p><strong>Preise:<\/strong><\/p>\n<\/div>\n<ul>\n<li>\n<h3>Front- und Heckscheibe<\/h3>\n<p>CHF 120.-<\/p>\n<\/li>\n<li>\n<h3>Komplett (alle Scheiben)<\/h3>\n<p>CHF 160.-<\/p>\n<\/li>\n<\/ul>\n<ul>\n<li>\n<p>\n        <a href=\"#\">Mehr erfahren<\/a>\n    <\/p>\n<\/li>\n<li>\n<p>\n        <a href=\"#\">Bestellen<\/a>\n    <\/p>\n<\/li>\n<\/ul>\n<div>Sonderangebot Winterzeit:<\/div>\n<hr>\n<div>Komplettservice Scheibenwischerersatz &amp; Nanoversiegelung, inklusive Montage und Arbeit vor Ort!<\/div>\n<hr>\n<h3>Komplettservice!<\/h3>\n<div>\n<p>Mobiler Service &#8211; wir kommen vor Ort (Wohnort, Arbeitsort, Restaurant..) und erledigen den Service innerhalb 30-45 Minuten.<\/p>\n<p><strong>Ablauf:<\/strong><\/p>\n<ul>\n<li>Gr\u00fcndliche Reinigung aller Scheiben am Fahrzeug<\/li>\n<li>Entfetten und Vorbereitung<\/li>\n<li>Auftragen der Nanoversiegelung<\/li>\n<li>Einwirkzeit &amp; Aush\u00e4rtung<\/li>\n<li>Professioneller Scheibenwischerwechsel<\/li>\n<li>Qualit\u00e4tskontrolle<\/li>\n<\/ul>\n<p><strong>Preise:<\/strong><\/p>\n<\/div>\n<div>\n<h3>Winterangebot Komplettservice<\/h3>\n<p>CHF 210.-<\/p>\n<\/div>\n<p><p>\n        <a href=\"#\">Bestellen<\/a>\n    <\/p>\n<\/p>\n<p><!--more--><br \/>\n<!-- {\"type\":\"layout\",\"children\":[{\"type\":\"section\",\"props\":{\"animation\":\"fade\",\"header_transparent\":false,\"header_transparent_noplaceholder\":false,\"height\":\"viewport\",\"image_effect\":\"parallax\",\"image_loading\":true,\"image_parallax_bgy\":\"40vh\",\"image_position\":\"top-center\",\"image_size\":\"cover\",\"image_width\":\"2560\",\"media_overlay\":\"rgba(0, 0, 0, 0.75)\",\"media_overlay_parallax_opacity\":\"0.5,1\",\"padding\":\"large\",\"padding_remove_bottom\":false,\"padding_remove_top\":false,\"preserve_color\":false,\"style\":\"default\",\"text_color\":\"light\",\"title_breakpoint\":\"xl\",\"title_position\":\"top-left\",\"title_rotation\":\"left\",\"vertical_align\":\"\",\"video\":\"wp-content\\\/uploads\\\/2025\\\/11\\\/AdobeStock_321367027.mov\",\"width\":\"expand\"},\"children\":[{\"type\":\"row\",\"children\":[{\"type\":\"column\",\"props\":{\"image_position\":\"center-center\",\"position_sticky_breakpoint\":\"m\",\"vertical_align\":\"middle\"},\"children\":[{\"type\":\"headline\",\"props\":{\"animation\":\"none\",\"content\":\"Klare Sicht. <br \/>Sicher unterwegs.\\n\",\"title_element\":\"h1\",\"title_style\":\"heading-2xlarge\",\"visibility\":\"s\"}},{\"type\":\"headline\",\"props\":{\"animation\":\"none\",\"content\":\"Klare Sicht. <br \/>Sicher unterwegs.\\n\",\"css\":\"@media(min-width: 1200px) {\\n    .el-element { margin-top: 20vh; }\\n}\",\"title_element\":\"h1\",\"title_style\":\"heading-large\",\"visibility\":\"hidden-s\"}}]}],\"props\":{\"height_offset_top\":true,\"margin\":\"default\"}},{\"type\":\"row\",\"props\":{\"margin\":\"remove-vertical\"},\"children\":[{\"type\":\"column\",\"props\":{\"image_position\":\"center-center\",\"position_sticky_breakpoint\":\"m\"},\"children\":[{\"type\":\"headline\",\"props\":{\"animation\":\"none\",\"content\":\"Professioneller Scheibenwischerwechsel und Nanoversiegelung \\u2013 schnell, sauber und zuverl\\u00e4ssig in der Zentralschweiz.\",\"margin\":\"default\",\"margin_remove_top\":false,\"maxwidth\":\"2xlarge\",\"title_element\":\"div\",\"title_style\":\"h2\"}}]}]},{\"type\":\"row\",\"children\":[{\"type\":\"column\",\"props\":{\"image_position\":\"center-center\",\"position_sticky_breakpoint\":\"m\"},\"children\":[{\"type\":\"button\",\"props\":{\"button_size\":\"large\",\"grid_column_gap\":\"small\",\"grid_row_gap\":\"small\",\"margin\":\"\",\"text_align\":\"right\"},\"children\":[{\"type\":\"button_item\",\"props\":{\"button_style\":\"secondary\",\"content\":\"Termin buchen\",\"dialog_layout\":\"modal\",\"dialog_offcanvas_flip\":true,\"icon\":\"calendar\",\"icon_align\":\"left\",\"link\":\"mailto:info@example.com\"}},{\"type\":\"button_item\",\"props\":{\"button_style\":\"secondary\",\"content\":\"Preise ansehen\",\"dialog_layout\":\"modal\",\"dialog_offcanvas_flip\":true,\"icon\":\"tag\",\"icon_align\":\"left\",\"link\":\"mailto:info@example.com\"}}]}]}]},{\"type\":\"row\",\"props\":{\"css\":\"@media(min-width: 1200px) {\\n    .el-row { margin-top: 30vh!important; }\\n}\",\"layout\":\"1-3,1-3,1-3\",\"margin\":\"xlarge\",\"margin_remove_bottom\":false,\"margin_remove_top\":false,\"row_gap\":\"large\",\"status\":\"disabled\",\"width\":\"expand\"},\"children\":[{\"type\":\"column\",\"props\":{\"image_position\":\"center-center\",\"position_sticky_breakpoint\":\"m\",\"width_large\":\"expand\"}},{\"type\":\"column\",\"props\":{\"image_position\":\"center-center\",\"position_sticky_breakpoint\":\"m\",\"width_large\":\"1-3\",\"width_medium\":\"1-2\",\"width_xlarge\":\"1-4\"},\"children\":[{\"type\":\"headline\",\"props\":{\"content\":\"Opening Hours\",\"margin\":\"medium\",\"title_element\":\"div\",\"title_style\":\"h4\"}},{\"type\":\"text\",\"props\":{\"block_align\":\"right\",\"column_breakpoint\":\"m\",\"content\":\"Monday to Friday: 9am - 8pm<br \/>Saturday: 9am - 5pm\",\"margin\":\"medium\",\"margin_remove_top\":true,\"text_color\":\"emphasis\",\"text_style\":\"large\"}}]},{\"type\":\"column\",\"props\":{\"image_position\":\"center-center\",\"position_sticky_breakpoint\":\"m\",\"width_large\":\"1-3\",\"width_medium\":\"1-2\",\"width_xlarge\":\"1-4\"},\"children\":[{\"type\":\"headline\",\"props\":{\"content\":\"Contact\",\"margin\":\"medium\",\"title_element\":\"div\",\"title_style\":\"h4\"}},{\"type\":\"headline\",\"props\":{\"content\":\"+ 555 123 456 78\",\"link\":\"tel:+55512345678\",\"margin\":\"remove-vertical\",\"margin_remove_top\":true,\"title_element\":\"div\",\"title_style\":\"text-large\"}},{\"type\":\"headline\",\"props\":{\"content\":\"info@example.com\",\"link\":\"mailto:email@example.com\",\"margin_remove_top\":true,\"title_element\":\"div\",\"title_style\":\"text-large\"}}]}]}],\"name\":\"Hero\"},{\"type\":\"section\",\"props\":{\"animation\":\"fade\",\"height_viewport\":200,\"image_position\":\"center-center\",\"padding\":\"large\",\"padding_remove_top\":false,\"style\":\"default\",\"title_breakpoint\":\"xl\",\"title_position\":\"top-left\",\"title_rotation\":\"left\",\"vertical_align\":\"\",\"width\":\"xlarge\"},\"children\":[{\"type\":\"row\",\"props\":{\"margin\":\"xlarge\",\"margin_remove_top\":false,\"width\":\"expand\"},\"children\":[{\"type\":\"column\",\"props\":{\"image_position\":\"center-center\",\"position_sticky\":\"section\",\"position_sticky_breakpoint\":\"\",\"position_sticky_offset\":\"50vh - 50%\"},\"children\":[{\"type\":\"headline\",\"props\":{\"content\":\"Wir bieten spezialisierte Dienstleistungen rund um die Pflege und Sicherheit deiner Autoscheiben. Unser Fokus liegt auf zwei Bereichen: dem fachgerechten Ersatz von Scheibenwischern und hochwertigen Nanoversiegelungen f\\u00fcr eine deutlich bessere Sicht bei Regen.\n\n\\n\\nAls lokales Unternehmen aus der Zentralschweiz legen wir grossen Wert auf pers\\u00f6nliche Beratung, faire Preise und pr\\u00e4zise Arbeit.\",\"margin\":\"default\",\"title_element\":\"div\",\"title_style\":\"h2\",\"visibility\":\"s\"},\"name\":\"Text desktop\"},{\"type\":\"headline\",\"props\":{\"content\":\"Wir bieten spezialisierte Dienstleistungen rund um die Pflege und Sicherheit deiner Autoscheiben. Unser Fokus liegt auf zwei Bereichen: dem fachgerechten Ersatz von Scheibenwischern und hochwertigen Nanoversiegelungen f\\u00fcr eine deutlich bessere Sicht bei Regen.\n\n\\n\\nAls lokales Unternehmen aus der Zentralschweiz legen wir grossen Wert auf pers\\u00f6nliche Beratung, faire Preise und pr\\u00e4zise Arbeit.\",\"margin\":\"default\",\"title_element\":\"div\",\"title_style\":\"text-large\",\"visibility\":\"hidden-xl\"},\"name\":\"Text mobile\"}]}]}],\"name\":\"Services\"},{\"type\":\"section\",\"props\":{\"image_position\":\"center-center\",\"style\":\"muted\",\"title_breakpoint\":\"xl\",\"title_position\":\"top-left\",\"title_rotation\":\"left\",\"vertical_align\":\"middle\",\"width\":\"xlarge\"},\"children\":[{\"type\":\"row\",\"children\":[{\"type\":\"column\",\"props\":{\"image_position\":\"center-center\",\"position_sticky_breakpoint\":\"m\"},\"children\":[{\"type\":\"headline\",\"props\":{\"content\":\"Dienstleistungen:\",\"margin\":\"default\",\"title_element\":\"h1\",\"title_style\":\"heading-large\",\"visibility\":\"s\"}},{\"type\":\"headline\",\"props\":{\"content\":\"Dienstleistungen:\",\"margin\":\"large\",\"title_element\":\"h1\",\"title_style\":\"heading-medium\",\"visibility\":\"hidden-s\"},\"name\":\"Headline mobile\"}]}]},{\"type\":\"row\",\"props\":{\"layout\":\"1-2,1-2\",\"margin\":\"large\"},\"children\":[{\"type\":\"column\",\"props\":{\"image_position\":\"center-center\",\"position_sticky_breakpoint\":\"m\",\"style\":\"card-default\",\"width_medium\":\"1-2\"},\"children\":[{\"type\":\"headline\",\"props\":{\"content\":\"Scheibenwischerwechsel\",\"title_element\":\"h3\",\"title_style\":\"heading-small\",\"visibility\":\"s\"}},{\"type\":\"headline\",\"props\":{\"content\":\"Scheibenwischer-wechsel\",\"title_element\":\"h3\",\"title_style\":\"h1\",\"visibility\":\"hidden-s\"},\"name\":\"Headline mobile\"},{\"type\":\"text\",\"props\":{\"column_breakpoint\":\"m\",\"content\":\"\n\n<p>Wir montieren hochwertige Scheibenwischer Marke BOSCH, die perfekt zu deinem Fahrzeug passen \\u2013 schnell, sauber und professionell.<\\\/p>\\n\n\n<p><strong>Unsere Leistungen:<\\\/strong><\\\/p>\\n\n\n<ul>\\n\n\n<li>Auswahl der passenden Wischer f\\u00fcr dein Modell<\\\/li>\\n\n\n<li>Hochwertige Markenprodukte<\\\/li>\\n\n\n<li>Saubere, professionelle Montage<\\\/li>\\n\n\n<li>Kontrolle der Wischleistung nach dem Einbau<\\\/li>\\n<\\\/ul>\\n\n\n<p><strong>Preise:<\\\/strong><\\\/p>\",\"margin\":\"default\"}},{\"type\":\"description_list\",\"props\":{\"column_breakpoint\":\"m\",\"layout\":\"grid-2-m\",\"list_element\":\"ul\",\"meta_align\":\"below-content\",\"meta_color\":\"emphasis\",\"meta_style\":\"text-large\",\"show_content\":true,\"show_link\":true,\"show_meta\":true,\"show_title\":true,\"title_colon\":false,\"title_color\":\"emphasis\",\"title_element\":\"div\",\"title_grid_column_gap\":\"small\",\"title_grid_row_gap\":\"small\",\"title_grid_width\":\"expand\",\"title_leader\":true,\"title_style\":\"text-large\",\"visibility\":\"s\"},\"children\":[{\"type\":\"description_list_item\",\"props\":{\"content\":\"\",\"meta\":\"CHF 80.-\",\"title\":\"Vorne komplett (L+R)\"}},{\"type\":\"description_list_item\",\"props\":{\"content\":\"\",\"meta\":\"CHF 50.-\",\"title\":\"Hinten\"}}],\"name\":\"List desktop\"},{\"type\":\"description_list\",\"props\":{\"column_breakpoint\":\"m\",\"layout\":\"grid-2-m\",\"list_element\":\"ul\",\"meta_align\":\"below-content\",\"meta_color\":\"emphasis\",\"meta_style\":\"\",\"show_content\":true,\"show_link\":true,\"show_meta\":true,\"show_title\":true,\"title_colon\":false,\"title_color\":\"emphasis\",\"title_element\":\"div\",\"title_grid_column_gap\":\"small\",\"title_grid_row_gap\":\"small\",\"title_grid_width\":\"expand\",\"title_leader\":true,\"visibility\":\"hidden-s\"},\"children\":[{\"type\":\"description_list_item\",\"props\":{\"content\":\"\",\"meta\":\"CHF 80.-\",\"title\":\"Vorne komplett (L+R)\"}},{\"type\":\"description_list_item\",\"props\":{\"content\":\"\",\"meta\":\"CHF 50.-\",\"title\":\"Hinten\"}}],\"name\":\"List mobile\"},{\"type\":\"button\",\"props\":{\"button_size\":\"large\",\"fullwidth\":false,\"grid_column_gap\":\"small\",\"grid_row_gap\":\"small\",\"margin\":\"default\",\"text_align\":\"center\"},\"children\":[{\"type\":\"button_item\",\"props\":{\"button_style\":\"secondary\",\"content\":\"Mehr erfahren\",\"dialog_layout\":\"modal\",\"dialog_offcanvas_flip\":true,\"icon\":\"file-text\",\"icon_align\":\"left\",\"link\":\"#\"}},{\"type\":\"button_item\",\"props\":{\"button_style\":\"secondary\",\"content\":\"Bestellen\",\"dialog_layout\":\"modal\",\"dialog_offcanvas_flip\":true,\"icon\":\"cart\",\"icon_align\":\"left\",\"link\":\"#\"}}]}]},{\"type\":\"column\",\"props\":{\"image_position\":\"center-center\",\"position_sticky_breakpoint\":\"m\",\"style\":\"card-default\",\"width_medium\":\"1-2\"},\"children\":[{\"type\":\"headline\",\"props\":{\"content\":\"Nanoversiegelung\",\"title_element\":\"h3\",\"title_style\":\"heading-small\"}},{\"type\":\"text\",\"props\":{\"column_breakpoint\":\"m\",\"content\":\"\n\n<p>F\\u00fcr klare Sicht bei Regen: Unsere Nanoversiegelung sorgt daf\\u00fcr, dass Wasser abperlt und die Scheibe l\\u00e4nger sauber bleibt.<\\\/p>\\n\n\n<p><strong>Vorteile der Nanoversiegelung:<\\\/strong><\\\/p>\\n\n\n<ul>\\n\n\n<li>Bessere Sicht bei Regen und Dunkelheit<\\\/li>\\n\n\n<li>Wasser perlt ab \\u2013 weniger Wischvorg\\u00e4nge<\\\/li>\\n\n\n<li>Weniger Schmutz-, Insekten- &amp; Salzhaftung<\\\/li>\\n\n\n<li>Haltbarkeit je nach Nutzung: ca. 6\\u201312 Monate<\\\/li>\\n<\\\/ul>\\n\n\n<p><strong>Preise:<\\\/strong><\\\/p>\",\"margin\":\"default\"}},{\"type\":\"description_list\",\"props\":{\"column_breakpoint\":\"m\",\"layout\":\"grid-2-m\",\"list_element\":\"ul\",\"meta_align\":\"below-content\",\"meta_color\":\"emphasis\",\"meta_style\":\"text-large\",\"show_content\":true,\"show_link\":true,\"show_meta\":true,\"show_title\":true,\"title_colon\":false,\"title_color\":\"emphasis\",\"title_element\":\"div\",\"title_grid_column_gap\":\"small\",\"title_grid_row_gap\":\"small\",\"title_grid_width\":\"expand\",\"title_leader\":true,\"title_style\":\"text-large\"},\"children\":[{\"type\":\"description_list_item\",\"props\":{\"content\":\"\",\"meta\":\"CHF 120.-\",\"title\":\"Front- und Heckscheibe\"}},{\"type\":\"description_list_item\",\"props\":{\"content\":\"\",\"meta\":\"CHF 160.-\",\"title\":\"Komplett (alle Scheiben)\"}}]},{\"type\":\"button\",\"props\":{\"button_size\":\"large\",\"fullwidth\":false,\"grid_column_gap\":\"small\",\"grid_row_gap\":\"small\",\"margin\":\"default\",\"text_align\":\"center\"},\"children\":[{\"type\":\"button_item\",\"props\":{\"button_style\":\"secondary\",\"content\":\"Mehr erfahren\",\"dialog_layout\":\"modal\",\"dialog_offcanvas_flip\":true,\"icon\":\"file-text\",\"icon_align\":\"left\",\"link\":\"#\"}},{\"type\":\"button_item\",\"props\":{\"button_style\":\"secondary\",\"content\":\"Bestellen\",\"dialog_layout\":\"modal\",\"dialog_offcanvas_flip\":true,\"icon\":\"cart\",\"icon_align\":\"left\",\"link\":\"#\"}}]}]}]}]},{\"type\":\"section\",\"props\":{\"image_position\":\"center-center\",\"style\":\"default\",\"title_breakpoint\":\"xl\",\"title_position\":\"top-left\",\"title_rotation\":\"left\",\"vertical_align\":\"middle\",\"width\":\"xlarge\"},\"children\":[{\"type\":\"row\",\"props\":{\"layout\":\"1-2,1-2\"},\"children\":[{\"type\":\"column\",\"props\":{\"image_position\":\"center-center\",\"position_sticky_breakpoint\":\"m\",\"width_medium\":\"1-2\"},\"children\":[{\"type\":\"headline\",\"props\":{\"content\":\"Sonderangebot Winterzeit:\",\"title_color\":\"primary\",\"title_element\":\"div\",\"title_style\":\"heading-medium\"}},{\"type\":\"divider\",\"props\":{\"divider_element\":\"hr\",\"divider_style\":\"small\",\"margin\":\"medium\"}},{\"type\":\"headline\",\"props\":{\"content\":\"Komplettservice Scheibenwischerersatz &amp; Nanoversiegelung, inklusive Montage und Arbeit vor Ort!\",\"title_element\":\"div\",\"title_style\":\"heading-small\"}},{\"type\":\"divider\",\"props\":{\"divider_element\":\"hr\",\"divider_style\":\"small\",\"margin\":\"medium\"}}]},{\"type\":\"column\",\"props\":{\"image_position\":\"center-center\",\"position_sticky_breakpoint\":\"m\",\"style\":\"tile-muted\",\"width_medium\":\"1-2\"},\"children\":[{\"type\":\"headline\",\"props\":{\"content\":\"Komplettservice!\",\"title_element\":\"h3\",\"title_style\":\"heading-small\"}},{\"type\":\"text\",\"props\":{\"column_breakpoint\":\"m\",\"content\":\"\n\n<p>Mobiler Service - wir kommen vor Ort (Wohnort, Arbeitsort, Restaurant..) und erledigen den Service innerhalb 30-45 Minuten.<\\\/p>\\n\n\n<p><strong>Ablauf:<\\\/strong><\\\/p>\\n\n\n<ul>\\n\n\n<li>Gr\\u00fcndliche Reinigung aller Scheiben am Fahrzeug<\\\/li>\\n\n\n<li>Entfetten und Vorbereitung<\\\/li>\\n\n\n<li>Auftragen der Nanoversiegelung<\\\/li>\\n\n\n<li>Einwirkzeit &amp; Aush\\u00e4rtung<\\\/li>\\n\n\n<li>Professioneller Scheibenwischerwechsel<\\\/li>\\n\n\n<li>Qualit\\u00e4tskontrolle<\\\/li>\\n<\\\/ul>\\n\n\n<p><strong>Preise:<\\\/strong><\\\/p>\",\"margin\":\"default\"}},{\"type\":\"description_list\",\"props\":{\"column_breakpoint\":\"m\",\"layout\":\"grid-2-m\",\"list_element\":\"ul\",\"meta_align\":\"below-content\",\"meta_color\":\"emphasis\",\"meta_style\":\"text-large\",\"show_content\":true,\"show_link\":true,\"show_meta\":true,\"show_title\":true,\"title_colon\":false,\"title_color\":\"emphasis\",\"title_element\":\"div\",\"title_grid_column_gap\":\"small\",\"title_grid_row_gap\":\"small\",\"title_grid_width\":\"expand\",\"title_leader\":true,\"title_style\":\"text-large\"},\"children\":[{\"type\":\"description_list_item\",\"props\":{\"content\":\"\",\"meta\":\"CHF 210.-\",\"title\":\"Winterangebot Komplettservice\"}}]},{\"type\":\"button\",\"props\":{\"button_size\":\"large\",\"fullwidth\":true,\"grid_column_gap\":\"small\",\"grid_row_gap\":\"small\",\"margin\":\"default\",\"text_align\":\"center\"},\"children\":[{\"type\":\"button_item\",\"props\":{\"button_style\":\"secondary\",\"content\":\"Bestellen\",\"dialog_layout\":\"modal\",\"dialog_offcanvas_flip\":true,\"icon\":\"cart\",\"icon_align\":\"left\",\"link\":\"#\"}}]}]}]}]},{\"type\":\"section\",\"props\":{\"animation\":\"slide-bottom-small\",\"image_position\":\"center-center\",\"padding\":\"xlarge\",\"status\":\"disabled\",\"style\":\"default\",\"title_breakpoint\":\"xl\",\"title_position\":\"top-left\",\"title_rotation\":\"left\",\"vertical_align\":\"\",\"width\":\"expand\"},\"children\":[{\"type\":\"row\",\"props\":{\"layout\":\"1-3,2-3\",\"margin\":\"xlarge\"},\"children\":[{\"type\":\"column\",\"props\":{\"image_position\":\"center-center\",\"order_first\":\"m\",\"position_sticky_breakpoint\":\"m\",\"vertical_align\":\"bottom\",\"width_medium\":\"1-3\"},\"children\":[{\"type\":\"headline\",\"props\":{\"block_align\":\"right\",\"block_align_breakpoint\":\"m\",\"content\":\"Categories\",\"maxwidth\":\"large\",\"title_element\":\"div\",\"title_style\":\"h4\"}},{\"type\":\"list\",\"props\":{\"block_align\":\"right\",\"column_breakpoint\":\"m\",\"image_align\":\"left\",\"image_svg_color\":\"emphasis\",\"image_vertical_align\":true,\"link_style\":\"heading\",\"list_element\":\"ul\",\"list_horizontal_separator\":\", \",\"list_size\":\"collapse\",\"list_type\":\"vertical\",\"margin\":\"default\",\"margin_remove_top\":false,\"maxwidth\":\"large\",\"maxwidth_breakpoint\":\"m\",\"show_image\":true,\"show_link\":true},\"children\":[{\"type\":\"list_item\",\"props\":{\"content\":\"All\",\"link\":\"?post_type=post\"}},{\"type\":\"list_item\",\"source\":{\"query\":{\"name\":\"categories.customCategories\",\"arguments\":{\"offset\":0,\"limit\":10,\"order\":\"term_order\",\"order_direction\":\"ASC\",\"id\":0}},\"props\":{\"content\":{\"filters\":{\"search\":\"\"},\"name\":\"name\"},\"link\":{\"filters\":{\"search\":\"\"},\"name\":\"link\"}}}}]}]},{\"type\":\"column\",\"props\":{\"image_position\":\"center-center\",\"order_first\":\"xs\",\"position_sticky_breakpoint\":\"m\",\"width_medium\":\"2-3\"},\"children\":[{\"type\":\"headline\",\"props\":{\"block_align\":\"right\",\"content\":\"News &<br \/>Updates\",\"margin\":\"large\",\"title_element\":\"h2\",\"title_style\":\"heading-xlarge\"}},{\"type\":\"headline\",\"props\":{\"content\":\"Join us on this beauty journey as we share valuable insights, product recommendations, and insider knowledge to help you elevate your beauty routine.\",\"maxwidth\":\"2xlarge\",\"title_element\":\"div\",\"title_style\":\"h3\"}}]}]},{\"type\":\"row\",\"children\":[{\"type\":\"column\",\"props\":{\"image_position\":\"center-center\",\"position_sticky_breakpoint\":\"m\"},\"children\":[{\"type\":\"panel-slider\",\"props\":{\"animation\":\"none\",\"content_column_breakpoint\":\"m\",\"icon_width\":80,\"image_align\":\"top\",\"image_grid_breakpoint\":\"m\",\"image_grid_width\":\"1-2\",\"image_svg_color\":\"emphasis\",\"image_width\":\"600\",\"link_margin\":\"small\",\"link_style\":\"link-text\",\"link_text\":\"\",\"margin\":\"default\",\"meta_align\":\"above-content\",\"meta_element\":\"div\",\"meta_style\":\"h5\",\"nav\":\"\",\"nav_align\":\"center\",\"nav_breakpoint\":\"s\",\"panel_link\":true,\"panel_match\":true,\"show_content\":true,\"show_hover_image\":true,\"show_hover_video\":true,\"show_image\":true,\"show_link\":true,\"show_meta\":true,\"show_title\":true,\"show_video\":true,\"slidenav\":\"top-right\",\"slidenav_breakpoint\":\"m\",\"slidenav_hover\":true,\"slidenav_large\":false,\"slidenav_margin\":\"medium\",\"slidenav_outside_breakpoint\":\"xl\",\"slider_autoplay\":false,\"slider_autoplay_interval\":\"11\",\"slider_autoplay_pause\":true,\"slider_center\":false,\"slider_finite\":true,\"slider_gap\":\"default\",\"slider_width\":\"fixed\",\"slider_width_default\":\"4-5\",\"slider_width_large\":\"1-3\",\"slider_width_medium\":\"1-2\",\"slider_width_small\":\"3-5\",\"slider_width_xlarge\":\"1-4\",\"title_align\":\"left\",\"title_element\":\"h3\",\"title_grid_breakpoint\":\"xl\",\"title_grid_width\":\"expand\",\"title_hover_style\":\"reset\",\"title_style\":\"h3\"},\"children\":[{\"type\":\"panel-slider_item\",\"source\":{\"query\":{\"name\":\"posts.customPosts\",\"arguments\":{\"users\":[],\"users_operator\":\"IN\",\"offset\":0,\"limit\":7,\"order\":\"date\",\"order_direction\":\"DESC\",\"terms\":[],\"category_operator\":\"IN\",\"post_tag_operator\":\"IN\",\"category_include_children\":\"include\"}},\"props\":{\"title\":{\"filters\":{\"search\":\"\"},\"name\":\"title\"},\"meta\":{\"filters\":{\"search\":\"\",\"date\":\"d.m.Y\"},\"name\":\"date\"},\"image\":{\"filters\":{\"search\":\"\"},\"name\":\"field.intro_image.url\"},\"link\":{\"filters\":{\"search\":\"\"},\"name\":\"link\"}}},\"props\":{\"item_element\":\"article\"}}]}]}]}],\"name\":\"News\"}],\"version\":\"4.5.32\"} --><\/p>\n","protected":false},"excerpt":{"rendered":"<p>Klare Sicht. Sicher unterwegs. Klare Sicht. Sicher unterwegs. Professioneller Scheibenwischerwechsel und Nanoversiegelung \u2013 schnell, sauber und zuverl\u00e4ssig in der Zentralschweiz. Termin buchen Preise ansehen Wir bieten spezialisierte Dienstleistungen rund um die Pflege und Sicherheit deiner Autoscheiben. Unser Fokus liegt auf zwei Bereichen: dem fachgerechten Ersatz von Scheibenwischern und hochwertigen Nanoversiegelungen f\u00fcr eine deutlich bessere Sicht [&hellip;]<\/p>\n","protected":false},"author":1,"featured_media":0,"parent":0,"menu_order":12,"comment_status":"closed","ping_status":"closed","template":"","meta":{"_acf_changed":false,"footnotes":""},"class_list":["post-28","page","type-page","status-publish","hentry"],"acf":[],"_links":{"self":[{"href":"https:\/\/operations293.com\/autoglas\/index.php?rest_route=\/wp\/v2\/pages\/28","targetHints":{"allow":["GET"]}}],"collection":[{"href":"https:\/\/operations293.com\/autoglas\/index.php?rest_route=\/wp\/v2\/pages"}],"about":[{"href":"https:\/\/operations293.com\/autoglas\/index.php?rest_route=\/wp\/v2\/types\/page"}],"author":[{"embeddable":true,"href":"https:\/\/operations293.com\/autoglas\/index.php?rest_route=\/wp\/v2\/users\/1"}],"replies":[{"embeddable":true,"href":"https:\/\/operations293.com\/autoglas\/index.php?rest_route=%2Fwp%2Fv2%2Fcomments&post=28"}],"version-history":[{"count":84,"href":"https:\/\/operations293.com\/autoglas\/index.php?rest_route=\/wp\/v2\/pages\/28\/revisions"}],"predecessor-version":[{"id":2192,"href":"https:\/\/operations293.com\/autoglas\/index.php?rest_route=\/wp\/v2\/pages\/28\/revisions\/2192"}],"wp:attachment":[{"href":"https:\/\/operations293.com\/autoglas\/index.php?rest_route=%2Fwp%2Fv2%2Fmedia&parent=28"}],"curies":[{"name":"wp","href":"https:\/\/api.w.org\/{rel}","templated":true}]}}